{"id":104,"date":"2023-05-30T03:14:29","date_gmt":"2023-05-30T03:14:29","guid":{"rendered":"http:\/\/www.caninelite.net\/?page_id=104"},"modified":"2025-05-22T10:27:00","modified_gmt":"2025-05-22T07:27:00","slug":"kriisipennut","status":"publish","type":"page","link":"http:\/\/www.caninelite.net\/index.php\/kriisipennut\/","title":{"rendered":"Kriisi &#8211; Crisis &#8211; 1.10.2022"},"content":{"rendered":"\n<figure class=\"wp-block-image size-large\"><img loading=\"lazy\" decoding=\"async\" width=\"1024\" height=\"685\" src=\"http:\/\/www.caninelite.net\/wp-content\/uploads\/2023\/06\/kriisipentue-1024x685.jpg\" alt=\"\" class=\"wp-image-288\" srcset=\"http:\/\/www.caninelite.net\/wp-content\/uploads\/2023\/06\/kriisipentue-1024x685.jpg 1024w, http:\/\/www.caninelite.net\/wp-content\/uploads\/2023\/06\/kriisipentue-300x201.jpg 300w, http:\/\/www.caninelite.net\/wp-content\/uploads\/2023\/06\/kriisipentue-768x513.jpg 768w, http:\/\/www.caninelite.net\/wp-content\/uploads\/2023\/06\/kriisipentue-1536x1027.jpg 1536w, http:\/\/www.caninelite.net\/wp-content\/uploads\/2023\/06\/kriisipentue-360x242.jpg 360w, http:\/\/www.caninelite.net\/wp-content\/uploads\/2023\/06\/kriisipentue.jpg 2048w\" sizes=\"auto, (max-width: 1024px) 100vw, 1024px\" \/><\/figure>\n\n\n\n<hr class=\"wp-block-separator has-alpha-channel-opacity\"\/>\n\n\n\n<p><strong>Caninelite Climate Crisis &#8211; Venom<\/strong><br><a rel=\"noreferrer noopener\" href=\"https:\/\/sbtpedigree.com\/dog_details?dogs_id=4492136\" target=\"_blank\">SBTpedigree.com<br><\/a><a rel=\"noreferrer noopener\" href=\"https:\/\/jalostus.kennelliitto.fi\/frmKoira.aspx?RekNo=FI53296%2F22&amp;R=76\" target=\"_blank\">KoiraNet-jalostustietoj\u00e4rjestelm\u00e4<\/a><\/p>\n\n\n\n<p>Hips: A\/A<br>Elbows: 0\/0<br>Patella: 0\/0<br>Heart, no murmurs<br>Lumbosacral transitional vertebrae: LTV0<br>Vertebral anomaly: VA1<br>Eyes: clear<br>HC &amp; L2HGA clear by parentage<br>DVL2 clear<\/p>\n\n\n\n<figure class=\"wp-block-gallery has-nested-images columns-default wp-block-gallery-1 is-layout-flex wp-block-gallery-is-layout-flex\">\n<figure class=\"wp-block-image size-large\"><img loading=\"lazy\" decoding=\"async\" width=\"768\" height=\"1024\" data-id=\"867\" src=\"http:\/\/www.caninelite.net\/wp-content\/uploads\/2024\/06\/Veli-Matti-768x1024.jpeg\" alt=\"\" class=\"wp-image-867\" srcset=\"http:\/\/www.caninelite.net\/wp-content\/uploads\/2024\/06\/Veli-Matti-768x1024.jpeg 768w, http:\/\/www.caninelite.net\/wp-content\/uploads\/2024\/06\/Veli-Matti-225x300.jpeg 225w, http:\/\/www.caninelite.net\/wp-content\/uploads\/2024\/06\/Veli-Matti-1152x1536.jpeg 1152w, http:\/\/www.caninelite.net\/wp-content\/uploads\/2024\/06\/Veli-Matti.jpeg 1536w\" sizes=\"auto, (max-width: 768px) 100vw, 768px\" \/><\/figure>\n\n\n\n<figure class=\"wp-block-image size-large\"><img loading=\"lazy\" decoding=\"async\" width=\"1024\" height=\"732\" data-id=\"298\" src=\"http:\/\/www.caninelite.net\/wp-content\/uploads\/2023\/06\/image3-1-1024x732.jpeg\" alt=\"\" class=\"wp-image-298\" srcset=\"http:\/\/www.caninelite.net\/wp-content\/uploads\/2023\/06\/image3-1-1024x732.jpeg 1024w, http:\/\/www.caninelite.net\/wp-content\/uploads\/2023\/06\/image3-1-300x214.jpeg 300w, http:\/\/www.caninelite.net\/wp-content\/uploads\/2023\/06\/image3-1-768x549.jpeg 768w, http:\/\/www.caninelite.net\/wp-content\/uploads\/2023\/06\/image3-1-1536x1097.jpeg 1536w, http:\/\/www.caninelite.net\/wp-content\/uploads\/2023\/06\/image3-1.jpeg 2048w\" sizes=\"auto, (max-width: 1024px) 100vw, 1024px\" \/><\/figure>\n<\/figure>\n\n\n\n<hr class=\"wp-block-separator has-alpha-channel-opacity\"\/>\n\n\n\n<p><strong>Caninelite Energy Crisis &#8211; Ulriikka<\/strong><br><a rel=\"noreferrer noopener\" href=\"https:\/\/sbtpedigree.com\/dog_details?dogs_id=4492135\" target=\"_blank\">SBTpedigree.com<br><\/a><a rel=\"noreferrer noopener\" href=\"https:\/\/jalostus.kennelliitto.fi\/frmKoira.aspx?RekNo=FI53294%2F22&amp;R=76\" target=\"_blank\">KoiraNet-jalostustietoj\u00e4rjestelm\u00e4<\/a><\/p>\n\n\n\n<p>Hips: A\/A<br>Elbows: 0\/0<br>Patella: 0\/0<br>Heart, no murmurs<br>Lumbosacral transitional vertebrae: LTV1<br>Vertebral anomaly: VA0<br>Eyes: clear<br>HC &amp; L2HGA clear by parentage<br>DVL2 clear<\/p>\n\n\n\n<figure class=\"wp-block-gallery has-nested-images columns-default wp-block-gallery-2 is-layout-flex wp-block-gallery-is-layout-flex\">\n<figure class=\"wp-block-image size-large\"><img loading=\"lazy\" decoding=\"async\" width=\"768\" height=\"1024\" data-id=\"292\" src=\"http:\/\/www.caninelite.net\/wp-content\/uploads\/2023\/06\/image4-768x1024.jpeg\" alt=\"\" class=\"wp-image-292\" srcset=\"http:\/\/www.caninelite.net\/wp-content\/uploads\/2023\/06\/image4-768x1024.jpeg 768w, http:\/\/www.caninelite.net\/wp-content\/uploads\/2023\/06\/image4-225x300.jpeg 225w, http:\/\/www.caninelite.net\/wp-content\/uploads\/2023\/06\/image4-1152x1536.jpeg 1152w, http:\/\/www.caninelite.net\/wp-content\/uploads\/2023\/06\/image4.jpeg 1200w\" sizes=\"auto, (max-width: 768px) 100vw, 768px\" \/><\/figure>\n\n\n\n<figure class=\"wp-block-image size-large\"><img loading=\"lazy\" decoding=\"async\" width=\"1024\" height=\"732\" data-id=\"296\" src=\"http:\/\/www.caninelite.net\/wp-content\/uploads\/2023\/06\/image0-1024x732.jpeg\" alt=\"\" class=\"wp-image-296\" srcset=\"http:\/\/www.caninelite.net\/wp-content\/uploads\/2023\/06\/image0-1024x732.jpeg 1024w, http:\/\/www.caninelite.net\/wp-content\/uploads\/2023\/06\/image0-300x214.jpeg 300w, http:\/\/www.caninelite.net\/wp-content\/uploads\/2023\/06\/image0-768x549.jpeg 768w, http:\/\/www.caninelite.net\/wp-content\/uploads\/2023\/06\/image0-1536x1097.jpeg 1536w, http:\/\/www.caninelite.net\/wp-content\/uploads\/2023\/06\/image0.jpeg 2048w\" sizes=\"auto, (max-width: 1024px) 100vw, 1024px\" \/><\/figure>\n<\/figure>\n\n\n\n<hr class=\"wp-block-separator has-alpha-channel-opacity\"\/>\n\n\n\n<p><strong>RTK-1<\/strong> <strong>Caninelite Economic Crisis &#8211; M\u00e5ns<\/strong><br><a rel=\"noreferrer noopener\" href=\"https:\/\/sbtpedigree.com\/dog_details?dogs_id=4492137\" data-type=\"URL\" data-id=\"https:\/\/sbtpedigree.com\/dog_details?dogs_id=4492137\" target=\"_blank\">SBTpedigree.com<\/a><br><a rel=\"noreferrer noopener\" href=\"https:\/\/jalostus.kennelliitto.fi\/frmKoira.aspx?RekNo=FI53295%2F22&amp;R=76\" data-type=\"URL\" data-id=\"https:\/\/jalostus.kennelliitto.fi\/frmKoira.aspx?RekNo=FI53295%2F22&amp;R=76\" target=\"_blank\">KoiraNet-jalostustietoj\u00e4rjestelm\u00e4<\/a><\/p>\n\n\n\n<p>Hips: A\/A<br>Elbows: 0\/0<br>Patella: 0\/0<br>Heart, no murmurs<br>Lumbosacral transitional vertebrae: LTV1<br>Vertebral anomaly: VA0<br>Eyes: clear<br>HC &amp; L2HGA clear by parentage<br>DVL2 clear<\/p>\n\n\n\n<figure class=\"wp-block-gallery has-nested-images columns-default wp-block-gallery-3 is-layout-flex wp-block-gallery-is-layout-flex\">\n<figure class=\"wp-block-image size-large\"><img loading=\"lazy\" decoding=\"async\" width=\"768\" height=\"1024\" data-id=\"868\" src=\"http:\/\/www.caninelite.net\/wp-content\/uploads\/2024\/06\/Monsteri-768x1024.jpeg\" alt=\"\" class=\"wp-image-868\" srcset=\"http:\/\/www.caninelite.net\/wp-content\/uploads\/2024\/06\/Monsteri-768x1024.jpeg 768w, http:\/\/www.caninelite.net\/wp-content\/uploads\/2024\/06\/Monsteri-225x300.jpeg 225w, http:\/\/www.caninelite.net\/wp-content\/uploads\/2024\/06\/Monsteri-1152x1536.jpeg 1152w, http:\/\/www.caninelite.net\/wp-content\/uploads\/2024\/06\/Monsteri.jpeg 1536w\" sizes=\"auto, (max-width: 768px) 100vw, 768px\" \/><\/figure>\n\n\n\n<figure class=\"wp-block-image size-large\"><img loading=\"lazy\" decoding=\"async\" width=\"1024\" height=\"732\" data-id=\"295\" src=\"http:\/\/www.caninelite.net\/wp-content\/uploads\/2023\/06\/image1.jpeg\" alt=\"\" class=\"wp-image-295\" srcset=\"http:\/\/www.caninelite.net\/wp-content\/uploads\/2023\/06\/image1.jpeg 1024w, http:\/\/www.caninelite.net\/wp-content\/uploads\/2023\/06\/image1-300x214.jpeg 300w, http:\/\/www.caninelite.net\/wp-content\/uploads\/2023\/06\/image1-768x549.jpeg 768w\" sizes=\"auto, (max-width: 1024px) 100vw, 1024px\" \/><\/figure>\n<\/figure>\n\n\n\n<hr class=\"wp-block-separator has-alpha-channel-opacity\"\/>\n\n\n\n<p><strong>Caninelite Humanitarian Crisis &#8211; Chili<\/strong><br><a rel=\"noreferrer noopener\" href=\"https:\/\/sbtpedigree.com\/dog_details?dogs_id=4492138\" target=\"_blank\">SBTpedigree.com<br><\/a><a rel=\"noreferrer noopener\" href=\"https:\/\/jalostus.kennelliitto.fi\/frmKoira.aspx?RekNo=FI53297%2F22&amp;R=76\" target=\"_blank\">KoiraNet-jalostustietoj\u00e4rjestelm\u00e4<\/a><\/p>\n\n\n\n<p>Hips: A\/A<br>Elbows: 0\/0<br>Patella: 0\/0<br>Heart, no murmurs<br>Lumbosacral transitional vertebrae: LTV0<br>Vertebral anomaly: VA0<br>Eyes: clear<br>HC &amp; L2HGA clear by parentage<br>DVL2 clear<\/p>\n\n\n\n<figure class=\"wp-block-gallery has-nested-images columns-default wp-block-gallery-4 is-layout-flex wp-block-gallery-is-layout-flex\">\n<figure class=\"wp-block-image size-large\"><img loading=\"lazy\" decoding=\"async\" width=\"1024\" height=\"768\" data-id=\"297\" src=\"http:\/\/www.caninelite.net\/wp-content\/uploads\/2023\/06\/image8-1024x768.jpeg\" alt=\"\" class=\"wp-image-297\" srcset=\"http:\/\/www.caninelite.net\/wp-content\/uploads\/2023\/06\/image8-1024x768.jpeg 1024w, http:\/\/www.caninelite.net\/wp-content\/uploads\/2023\/06\/image8-300x225.jpeg 300w, http:\/\/www.caninelite.net\/wp-content\/uploads\/2023\/06\/image8-768x576.jpeg 768w, http:\/\/www.caninelite.net\/wp-content\/uploads\/2023\/06\/image8.jpeg 1440w\" sizes=\"auto, (max-width: 1024px) 100vw, 1024px\" \/><\/figure>\n\n\n\n<figure class=\"wp-block-image size-large\"><img loading=\"lazy\" decoding=\"async\" width=\"1024\" height=\"732\" data-id=\"294\" src=\"http:\/\/www.caninelite.net\/wp-content\/uploads\/2023\/06\/image2-1024x732.jpeg\" alt=\"\" class=\"wp-image-294\" srcset=\"http:\/\/www.caninelite.net\/wp-content\/uploads\/2023\/06\/image2-1024x732.jpeg 1024w, http:\/\/www.caninelite.net\/wp-content\/uploads\/2023\/06\/image2-300x214.jpeg 300w, http:\/\/www.caninelite.net\/wp-content\/uploads\/2023\/06\/image2-768x549.jpeg 768w, http:\/\/www.caninelite.net\/wp-content\/uploads\/2023\/06\/image2-1536x1097.jpeg 1536w, http:\/\/www.caninelite.net\/wp-content\/uploads\/2023\/06\/image2.jpeg 2048w\" sizes=\"auto, (max-width: 1024px) 100vw, 1024px\" \/><\/figure>\n<\/figure>\n","protected":false},"excerpt":{"rendered":"<p>Caninelite Climate Crisis &#8211; VenomSBTpedigree.comKoiraNet-jalostustietoj\u00e4rjestelm\u00e4 Hips: A\/AElbows: 0\/0Patella: 0\/0Heart, no murmursLumbosacral transitional vertebrae: LTV0Vertebral anomaly: VA1Eyes: clearHC &amp; L2HGA clear by parentageDVL2 clear Caninelite Energy Crisis &#8211; UlriikkaSBTpedigree.comKoiraNet-jalostustietoj\u00e4rjestelm\u00e4 Hips: A\/AElbows: 0\/0Patella: 0\/0Heart, no murmursLumbosacral transitional vertebrae: LTV1Vertebral anomaly: VA0Eyes: clearHC &amp; L2HGA clear by parentageDVL2 clear RTK-1 Caninelite Economic Crisis &#8211; M\u00e5nsSBTpedigree.comKoiraNet-jalostustietoj\u00e4rjestelm\u00e4 Hips: A\/AElbows: 0\/0Patella:&hellip; <a href=\"http:\/\/www.caninelite.net\/index.php\/kriisipennut\/\" class=\"more-link\">Jatka lukemista <span class=\"screen-reader-text\">Kriisi &#8211; Crisis &#8211; 1.10.2022<\/span><\/a><\/p>\n","protected":false},"author":1,"featured_media":0,"parent":0,"menu_order":0,"comment_status":"closed","ping_status":"closed","template":"","meta":{"footnotes":""},"class_list":["post-104","page","type-page","status-publish","hentry","without-featured-image"],"_links":{"self":[{"href":"http:\/\/www.caninelite.net\/index.php\/wp-json\/wp\/v2\/pages\/104","targetHints":{"allow":["GET"]}}],"collection":[{"href":"http:\/\/www.caninelite.net\/index.php\/wp-json\/wp\/v2\/pages"}],"about":[{"href":"http:\/\/www.caninelite.net\/index.php\/wp-json\/wp\/v2\/types\/page"}],"author":[{"embeddable":true,"href":"http:\/\/www.caninelite.net\/index.php\/wp-json\/wp\/v2\/users\/1"}],"replies":[{"embeddable":true,"href":"http:\/\/www.caninelite.net\/index.php\/wp-json\/wp\/v2\/comments?post=104"}],"version-history":[{"count":12,"href":"http:\/\/www.caninelite.net\/index.php\/wp-json\/wp\/v2\/pages\/104\/revisions"}],"predecessor-version":[{"id":963,"href":"http:\/\/www.caninelite.net\/index.php\/wp-json\/wp\/v2\/pages\/104\/revisions\/963"}],"wp:attachment":[{"href":"http:\/\/www.caninelite.net\/index.php\/wp-json\/wp\/v2\/media?parent=104"}],"curies":[{"name":"wp","href":"https:\/\/api.w.org\/{rel}","templated":true}]}}